{"id":91,"date":"2020-03-21T22:00:59","date_gmt":"2020-03-21T21:00:59","guid":{"rendered":"http:\/\/new.svlostice.cz\/?page_id=91"},"modified":"2020-03-21T22:00:59","modified_gmt":"2020-03-21T21:00:59","slug":"kontakt","status":"publish","type":"page","link":"https:\/\/svlostice.cz\/?page_id=91","title":{"rendered":"Kontakt"},"content":{"rendered":"<div class=\"page-header\">\n<h2><span class=\"contact-name\">Stanislav Vesel\u00fd<\/span><\/h2>\n<\/div>\n<div id=\"slide-contact\" class=\"accordion\">\n<div class=\"accordion-group\">\n<div id=\"basic-details\" class=\"accordion-body collapse in\">\n<div class=\"accordion-inner\">\n<dl class=\"contact-address dl-horizontal\">\n<dd>Adresa: Palack\u00e9ho 274<br \/>\nLo\u0161tice<br \/>\nCzech Republic<br \/>\n78983<br \/>\nE-mail: <a href=\"mailto:piskalek@volny.cz\">piskalek@volny.cz<\/a><br \/>\nMobil: 602 544 253<\/dd>\n<\/dl>\n<\/div>\n<\/div>\n<\/div>\n<\/div>\n","protected":false},"excerpt":{"rendered":"<p>Stanislav Vesel\u00fd Adresa: Palack\u00e9ho 274 Lo\u0161tice Czech Republic 78983 E-mail: piskalek@volny.cz Mobil: 602 544 253<\/p>\n","protected":false},"author":1,"featured_media":0,"parent":0,"menu_order":0,"comment_status":"closed","ping_status":"closed","template":"","meta":{"footnotes":""},"class_list":["post-91","page","type-page","status-publish","hentry"],"_links":{"self":[{"href":"https:\/\/svlostice.cz\/index.php?rest_route=\/wp\/v2\/pages\/91","targetHints":{"allow":["GET"]}}],"collection":[{"href":"https:\/\/svlostice.cz\/index.php?rest_route=\/wp\/v2\/pages"}],"about":[{"href":"https:\/\/svlostice.cz\/index.php?rest_route=\/wp\/v2\/types\/page"}],"author":[{"embeddable":true,"href":"https:\/\/svlostice.cz\/index.php?rest_route=\/wp\/v2\/users\/1"}],"replies":[{"embeddable":true,"href":"https:\/\/svlostice.cz\/index.php?rest_route=%2Fwp%2Fv2%2Fcomments&post=91"}],"version-history":[{"count":1,"href":"https:\/\/svlostice.cz\/index.php?rest_route=\/wp\/v2\/pages\/91\/revisions"}],"predecessor-version":[{"id":92,"href":"https:\/\/svlostice.cz\/index.php?rest_route=\/wp\/v2\/pages\/91\/revisions\/92"}],"wp:attachment":[{"href":"https:\/\/svlostice.cz\/index.php?rest_route=%2Fwp%2Fv2%2Fmedia&parent=91"}],"curies":[{"name":"wp","href":"https:\/\/api.w.org\/{rel}","templated":true}]}}